{"id":1469,"date":"2020-11-26T15:42:37","date_gmt":"2020-11-26T14:42:37","guid":{"rendered":"https:\/\/enesty.org\/?page_id=1469"},"modified":"2021-06-29T10:28:13","modified_gmt":"2021-06-29T08:28:13","slug":"digitoolam","status":"publish","type":"page","link":"https:\/\/enesty.org\/en\/portrait\/forschung\/digitoolam\/","title":{"rendered":"DigiToolAM"},"content":{"rendered":"<p>\n<!--StartFragment--><\/p>\n\n\n<figure class=\"wp-block-image size-large\"><img loading=\"lazy\" decoding=\"async\" width=\"1024\" height=\"666\" src=\"https:\/\/enesty.org\/wp-content\/uploads\/2020\/11\/DigiToolAM-big-1024x666.jpg\" alt=\"DigiToolAM\" class=\"wp-image-1473\" srcset=\"https:\/\/enesty.org\/wp-content\/uploads\/2020\/11\/DigiToolAM-big-1024x666.jpg 1024w, https:\/\/enesty.org\/wp-content\/uploads\/2020\/11\/DigiToolAM-big-750x488.jpg 750w, https:\/\/enesty.org\/wp-content\/uploads\/2020\/11\/DigiToolAM-big-768x499.jpg 768w, https:\/\/enesty.org\/wp-content\/uploads\/2020\/11\/DigiToolAM-big.jpg 1200w\" sizes=\"(max-width: 1024px) 100vw, 1024px\" \/><\/figure>\n\n\n<p>Der Begriff steht f\u00fcr eine digital unterst\u00fctzte Technologieauswahl im 3D-Druck. In einem Umsetzungsprojekt des Mittelstand 4.0 Kompetenzzentrums Chemnitz\/Dresden hat enesty mit Partnern den bisher sehr personalintensiven Technologieberatungsprozess f\u00fcr die Auswahl von 3D-Druckanwendungen in ein digitales Tool \u00fcberf\u00fchrt. Mit dieser datenbankbasierten Software steht ein Werkzeug zur Verf\u00fcgung, dass den Entscheidungsfindungsprozess f\u00fcr eine optimale additive Technologie deutlich qualifizierter und effizienter gestaltet.<\/p>\n\n\n<hr class=\"wp-block-separator\"\/>\n\n\n\n<div class=\"wp-block-columns is-layout-flex wp-container-core-columns-layout-1 wp-block-columns-is-layout-flex\">\n<div class=\"wp-block-column is-layout-flow wp-block-column-is-layout-flow\">\n<div class=\"wp-block-image\"><figure class=\"aligncenter size-large\"><img decoding=\"async\" src=\"https:\/\/enesty.org\/wp-content\/uploads\/2020\/03\/hetam.jpg\" alt=\"HETAM\"\/><\/figure><\/div>\n\n\n\n<h4 style=\"text-align: center;\"><a href=\"\/unternehmen\/forschung\/hetam\">HETAM<\/a><\/h4>\n<\/div>\n\n\n\n<div class=\"wp-block-column is-layout-flow wp-block-column-is-layout-flow\">\n<div class=\"wp-block-image\"><figure class=\"aligncenter size-large\"><img decoding=\"async\" src=\"https:\/\/enesty.org\/wp-content\/uploads\/2020\/03\/orca-4-0.jpg\" alt=\"\"\/><\/figure><\/div>\n\n\n\n<h4 style=\"text-align: center;\"><a href=\"\/unternehmen\/forschung\/orca-temperierung\">Orca Temperierung 4.0<\/a><\/h4>\n<\/div>\n\n\n\n<div class=\"wp-block-column is-layout-flow wp-block-column-is-layout-flow\">\n<div class=\"wp-block-image\"><figure class=\"aligncenter size-large\"><img loading=\"lazy\" decoding=\"async\" width=\"250\" height=\"210\" src=\"https:\/\/enesty.org\/wp-content\/uploads\/2020\/03\/printmold.jpg\" alt=\"3D-Printmold\" class=\"wp-image-467\"\/><\/figure><\/div>\n\n\n\n<h4 style=\"text-align: center;\"><a href=\"https:\/\/enesty.org\/unternehmen\/forschung\/3d-printmold\/\">3D-Printmold<\/a><\/h4>\n<\/div>\n\n\n\n<div class=\"wp-block-column is-layout-flow wp-block-column-is-layout-flow\">\n<figure class=\"wp-block-image size-large\"><img loading=\"lazy\" decoding=\"async\" width=\"250\" height=\"210\" src=\"https:\/\/enesty.org\/wp-content\/uploads\/2021\/01\/IntegVessel.jpg\" alt=\"\" class=\"wp-image-1601\"\/><\/figure>\n\n\n\n<h4 style=\"text-align: center;\"><a href=\"https:\/\/enesty.org\/unternehmen\/forschung\/integvessel\">IntegVessel<\/a><\/h4>\n<\/div>\n<\/div>\n\n\n\n<div class=\"wp-block-columns is-layout-flex wp-container-core-columns-layout-2 wp-block-columns-is-layout-flex\">\n<div class=\"wp-block-column is-layout-flow wp-block-column-is-layout-flow\">\n<figure class=\"wp-block-image size-large\"><img loading=\"lazy\" decoding=\"async\" width=\"250\" height=\"210\" src=\"https:\/\/enesty.org\/wp-content\/uploads\/2021\/06\/fastformin-s.jpg\" alt=\"FastFormIn\" class=\"wp-image-1758\"\/><\/figure>\n\n\n\n<h4 class=\"has-text-align-center wp-block-heading\"><a href=\"https:\/\/enesty.org\/portrait\/forschung\/fastformin\/\">FastFormIn<\/a><\/h4>\n<\/div>\n\n\n\n<div class=\"wp-block-column is-layout-flow wp-block-column-is-layout-flow\"><\/div>\n\n\n\n<div class=\"wp-block-column is-layout-flow wp-block-column-is-layout-flow\"><\/div>\n\n\n\n<div class=\"wp-block-column is-layout-flow wp-block-column-is-layout-flow\"><\/div>\n<\/div>\n\n\n\n<hr class=\"wp-block-separator\"\/>\n\n\n\n<div class=\"wp-block-image\"><figure class=\"aligncenter size-large\"><img loading=\"lazy\" decoding=\"async\" width=\"155\" height=\"130\" src=\"http:\/\/enesty.org\/wp-content\/uploads\/2020\/04\/Forschung_und_Entwicklung_2020_web.png\" alt=\"Siegel Forschung und Entwicklung 2020\" class=\"wp-image-1074\"\/><\/figure><\/div>\n","protected":false},"excerpt":{"rendered":"<p>Der Begriff steht f\u00fcr eine digital unterst\u00fctzte Technologieauswahl im 3D-Druck. In einem Umsetzungsprojekt des Mittelstand 4.0 Kompetenzzentrums Chemnitz\/Dresden hat enesty mit Partnern den bisher sehr personalintensiven Technologieberatungsprozess f\u00fcr die Auswahl <a href=\"https:\/\/enesty.org\/en\/portrait\/forschung\/digitoolam\/\" rel=\"nofollow\"><span class=\"sr-only\">Read more about DigiToolAM<\/span>[&hellip;]<\/a><\/p>\n","protected":false},"author":1,"featured_media":0,"parent":37,"menu_order":0,"comment_status":"closed","ping_status":"closed","template":"template-fullwidth.php","meta":{"footnotes":""},"yoast_head":"<!-- This site is optimized with the Yoast SEO plugin v22.0 - https:\/\/yoast.com\/wordpress\/plugins\/seo\/ -->\n<title>DigiToolAM | enesty gmbh<\/title>\n<meta name=\"robots\" content=\"index, follow, max-snippet:-1, max-image-preview:large, max-video-preview:-1\" \/>\n<link rel=\"canonical\" href=\"https:\/\/enesty.org\/portrait\/forschung\/digitoolam\/\" \/>\n<meta property=\"og:locale\" content=\"en_US\" \/>\n<meta property=\"og:type\" content=\"article\" \/>\n<meta property=\"og:title\" content=\"DigiToolAM | enesty gmbh\" \/>\n<meta property=\"og:description\" content=\"Der Begriff steht f\u00fcr eine digital unterst\u00fctzte Technologieauswahl im 3D-Druck. In einem Umsetzungsprojekt des Mittelstand 4.0 Kompetenzzentrums Chemnitz\/Dresden hat enesty mit Partnern den bisher sehr personalintensiven Technologieberatungsprozess f\u00fcr die Auswahl Read more about DigiToolAM[&hellip;]\" \/>\n<meta property=\"og:url\" content=\"https:\/\/enesty.org\/portrait\/forschung\/digitoolam\/\" \/>\n<meta property=\"og:site_name\" content=\"enesty gmbh\" \/>\n<meta property=\"article:modified_time\" content=\"2021-06-29T08:28:13+00:00\" \/>\n<meta property=\"og:image\" content=\"https:\/\/enesty.org\/wp-content\/uploads\/2020\/11\/DigiToolAM-big-1024x666.jpg\" \/>\n<meta name=\"twitter:card\" content=\"summary_large_image\" \/>\n<meta name=\"twitter:label1\" content=\"Est. reading time\" \/>\n\t<meta name=\"twitter:data1\" content=\"2 minutes\" \/>\n<script type=\"application\/ld+json\" class=\"yoast-schema-graph\">{\"@context\":\"https:\/\/schema.org\",\"@graph\":[{\"@type\":\"WebPage\",\"@id\":\"https:\/\/enesty.org\/portrait\/forschung\/digitoolam\/\",\"url\":\"https:\/\/enesty.org\/portrait\/forschung\/digitoolam\/\",\"name\":\"DigiToolAM | enesty gmbh\",\"isPartOf\":{\"@id\":\"https:\/\/enesty.org\/#website\"},\"datePublished\":\"2020-11-26T14:42:37+00:00\",\"dateModified\":\"2021-06-29T08:28:13+00:00\",\"breadcrumb\":{\"@id\":\"https:\/\/enesty.org\/portrait\/forschung\/digitoolam\/#breadcrumb\"},\"inLanguage\":\"en-US\",\"potentialAction\":[{\"@type\":\"ReadAction\",\"target\":[\"https:\/\/enesty.org\/portrait\/forschung\/digitoolam\/\"]}]},{\"@type\":\"BreadcrumbList\",\"@id\":\"https:\/\/enesty.org\/portrait\/forschung\/digitoolam\/#breadcrumb\",\"itemListElement\":[{\"@type\":\"ListItem\",\"position\":1,\"name\":\"Startseite\",\"item\":\"https:\/\/enesty.org\/\"},{\"@type\":\"ListItem\",\"position\":2,\"name\":\"PORTRAIT.\",\"item\":\"https:\/\/enesty.org\/portrait\/\"},{\"@type\":\"ListItem\",\"position\":3,\"name\":\"FORSCHUNG\",\"item\":\"https:\/\/enesty.org\/portrait\/forschung\/\"},{\"@type\":\"ListItem\",\"position\":4,\"name\":\"DigiToolAM\"}]},{\"@type\":\"WebSite\",\"@id\":\"https:\/\/enesty.org\/#website\",\"url\":\"https:\/\/enesty.org\/\",\"name\":\"enesty gmbh\",\"description\":\"Innovative Technologien vom Prototyp bis zur Serie\",\"publisher\":{\"@id\":\"https:\/\/enesty.org\/#organization\"},\"potentialAction\":[{\"@type\":\"SearchAction\",\"target\":{\"@type\":\"EntryPoint\",\"urlTemplate\":\"https:\/\/enesty.org\/?s={search_term_string}\"},\"query-input\":\"required name=search_term_string\"}],\"inLanguage\":\"en-US\"},{\"@type\":\"Organization\",\"@id\":\"https:\/\/enesty.org\/#organization\",\"name\":\"enesty gmbh\",\"url\":\"https:\/\/enesty.org\/\",\"logo\":{\"@type\":\"ImageObject\",\"inLanguage\":\"en-US\",\"@id\":\"https:\/\/enesty.org\/#\/schema\/logo\/image\/\",\"url\":\"https:\/\/enesty.org\/wp-content\/uploads\/2019\/11\/logo.png\",\"contentUrl\":\"https:\/\/enesty.org\/wp-content\/uploads\/2019\/11\/logo.png\",\"width\":260,\"height\":76,\"caption\":\"enesty gmbh\"},\"image\":{\"@id\":\"https:\/\/enesty.org\/#\/schema\/logo\/image\/\"}}]}<\/script>\n<!-- \/ Yoast SEO plugin. -->","yoast_head_json":{"title":"DigiToolAM | enesty gmbh","robots":{"index":"index","follow":"follow","max-snippet":"max-snippet:-1","max-image-preview":"max-image-preview:large","max-video-preview":"max-video-preview:-1"},"canonical":"https:\/\/enesty.org\/portrait\/forschung\/digitoolam\/","og_locale":"en_US","og_type":"article","og_title":"DigiToolAM | enesty gmbh","og_description":"Der Begriff steht f\u00fcr eine digital unterst\u00fctzte Technologieauswahl im 3D-Druck. In einem Umsetzungsprojekt des Mittelstand 4.0 Kompetenzzentrums Chemnitz\/Dresden hat enesty mit Partnern den bisher sehr personalintensiven Technologieberatungsprozess f\u00fcr die Auswahl Read more about DigiToolAM[&hellip;]","og_url":"https:\/\/enesty.org\/portrait\/forschung\/digitoolam\/","og_site_name":"enesty gmbh","article_modified_time":"2021-06-29T08:28:13+00:00","og_image":[{"url":"https:\/\/enesty.org\/wp-content\/uploads\/2020\/11\/DigiToolAM-big-1024x666.jpg"}],"twitter_card":"summary_large_image","twitter_misc":{"Est. reading time":"2 minutes"},"schema":{"@context":"https:\/\/schema.org","@graph":[{"@type":"WebPage","@id":"https:\/\/enesty.org\/portrait\/forschung\/digitoolam\/","url":"https:\/\/enesty.org\/portrait\/forschung\/digitoolam\/","name":"DigiToolAM | enesty gmbh","isPartOf":{"@id":"https:\/\/enesty.org\/#website"},"datePublished":"2020-11-26T14:42:37+00:00","dateModified":"2021-06-29T08:28:13+00:00","breadcrumb":{"@id":"https:\/\/enesty.org\/portrait\/forschung\/digitoolam\/#breadcrumb"},"inLanguage":"en-US","potentialAction":[{"@type":"ReadAction","target":["https:\/\/enesty.org\/portrait\/forschung\/digitoolam\/"]}]},{"@type":"BreadcrumbList","@id":"https:\/\/enesty.org\/portrait\/forschung\/digitoolam\/#breadcrumb","itemListElement":[{"@type":"ListItem","position":1,"name":"Startseite","item":"https:\/\/enesty.org\/"},{"@type":"ListItem","position":2,"name":"PORTRAIT.","item":"https:\/\/enesty.org\/portrait\/"},{"@type":"ListItem","position":3,"name":"FORSCHUNG","item":"https:\/\/enesty.org\/portrait\/forschung\/"},{"@type":"ListItem","position":4,"name":"DigiToolAM"}]},{"@type":"WebSite","@id":"https:\/\/enesty.org\/#website","url":"https:\/\/enesty.org\/","name":"enesty gmbh","description":"Innovative Technologien vom Prototyp bis zur Serie","publisher":{"@id":"https:\/\/enesty.org\/#organization"},"potentialAction":[{"@type":"SearchAction","target":{"@type":"EntryPoint","urlTemplate":"https:\/\/enesty.org\/?s={search_term_string}"},"query-input":"required name=search_term_string"}],"inLanguage":"en-US"},{"@type":"Organization","@id":"https:\/\/enesty.org\/#organization","name":"enesty gmbh","url":"https:\/\/enesty.org\/","logo":{"@type":"ImageObject","inLanguage":"en-US","@id":"https:\/\/enesty.org\/#\/schema\/logo\/image\/","url":"https:\/\/enesty.org\/wp-content\/uploads\/2019\/11\/logo.png","contentUrl":"https:\/\/enesty.org\/wp-content\/uploads\/2019\/11\/logo.png","width":260,"height":76,"caption":"enesty gmbh"},"image":{"@id":"https:\/\/enesty.org\/#\/schema\/logo\/image\/"}}]}},"_links":{"self":[{"href":"https:\/\/enesty.org\/en\/wp-json\/wp\/v2\/pages\/1469"}],"collection":[{"href":"https:\/\/enesty.org\/en\/wp-json\/wp\/v2\/pages"}],"about":[{"href":"https:\/\/enesty.org\/en\/wp-json\/wp\/v2\/types\/page"}],"author":[{"embeddable":true,"href":"https:\/\/enesty.org\/en\/wp-json\/wp\/v2\/users\/1"}],"replies":[{"embeddable":true,"href":"https:\/\/enesty.org\/en\/wp-json\/wp\/v2\/comments?post=1469"}],"version-history":[{"count":11,"href":"https:\/\/enesty.org\/en\/wp-json\/wp\/v2\/pages\/1469\/revisions"}],"predecessor-version":[{"id":1782,"href":"https:\/\/enesty.org\/en\/wp-json\/wp\/v2\/pages\/1469\/revisions\/1782"}],"up":[{"embeddable":true,"href":"https:\/\/enesty.org\/en\/wp-json\/wp\/v2\/pages\/37"}],"wp:attachment":[{"href":"https:\/\/enesty.org\/en\/wp-json\/wp\/v2\/media?parent=1469"}],"curies":[{"name":"wp","href":"https:\/\/api.w.org\/{rel}","templated":true}]}}