{"id":29,"date":"2019-11-14T16:07:05","date_gmt":"2019-11-14T15:07:05","guid":{"rendered":"http:\/\/enesty.webentwicklung.haus-der-edv.de\/?page_id=29"},"modified":"2024-01-03T15:45:45","modified_gmt":"2024-01-03T14:45:45","slug":"soziales","status":"publish","type":"page","link":"https:\/\/enesty.org\/en\/soziales\/","title":{"rendered":"SOCIALLY."},"content":{"rendered":"\n<div class=\"wp-block-columns is-layout-flex wp-container-core-columns-layout-1 wp-block-columns-is-layout-flex\">\n<div class=\"wp-block-column is-vertically-aligned-bottom is-layout-flow wp-block-column-is-layout-flow\" style=\"flex-basis:62%\">\n<figure class=\"wp-block-image size-large\"><img loading=\"lazy\" decoding=\"async\" width=\"892\" height=\"683\" src=\"https:\/\/enesty.org\/wp-content\/uploads\/2024\/01\/Titel-Socially-892x683.png\" alt=\"\" class=\"wp-image-2816\" srcset=\"https:\/\/enesty.org\/wp-content\/uploads\/2024\/01\/Titel-Socially-892x683.png 892w, https:\/\/enesty.org\/wp-content\/uploads\/2024\/01\/Titel-Socially-653x500.png 653w, https:\/\/enesty.org\/wp-content\/uploads\/2024\/01\/Titel-Socially-768x588.png 768w, https:\/\/enesty.org\/wp-content\/uploads\/2024\/01\/Titel-Socially.png 1152w\" sizes=\"(max-width: 892px) 100vw, 892px\" \/><\/figure>\n<\/div>\n\n\n\n<div class=\"wp-block-column is-vertically-aligned-bottom is-layout-flow wp-block-column-is-layout-flow\" style=\"flex-basis:18.5%\">\n<figure class=\"wp-block-image size-full\"><a href=\"https:\/\/stoffwechsel.org\/\"><img loading=\"lazy\" decoding=\"async\" width=\"493\" height=\"493\" src=\"https:\/\/enesty.org\/wp-content\/uploads\/2024\/01\/Stoffwechsel-ev.png\" alt=\"\" class=\"wp-image-2817\" srcset=\"https:\/\/enesty.org\/wp-content\/uploads\/2024\/01\/Stoffwechsel-ev.png 493w, https:\/\/enesty.org\/wp-content\/uploads\/2024\/01\/Stoffwechsel-ev-174x174.png 174w\" sizes=\"(max-width: 493px) 100vw, 493px\" \/><\/a><\/figure>\n<\/div>\n\n\n\n<div class=\"wp-block-column is-vertically-aligned-bottom is-layout-flow wp-block-column-is-layout-flow\" style=\"flex-basis:18.5%\">\n<figure class=\"wp-block-image size-full\"><a href=\"https:\/\/kinderdorf-online.de\/\"><img loading=\"lazy\" decoding=\"async\" width=\"494\" height=\"493\" src=\"https:\/\/enesty.org\/wp-content\/uploads\/2024\/01\/Albert-Schweitzer.png\" alt=\"\" class=\"wp-image-2818\" srcset=\"https:\/\/enesty.org\/wp-content\/uploads\/2024\/01\/Albert-Schweitzer.png 494w, https:\/\/enesty.org\/wp-content\/uploads\/2024\/01\/Albert-Schweitzer-174x174.png 174w\" sizes=\"(max-width: 494px) 100vw, 494px\" \/><\/a><\/figure>\n<\/div>\n<\/div>\n\n\n\n<div style=\"height:40px\" aria-hidden=\"true\" class=\"wp-block-spacer\"><\/div>\n\n\n\n<div class=\"wp-block-columns is-layout-flex wp-container-core-columns-layout-2 wp-block-columns-is-layout-flex\">\n<div class=\"wp-block-column is-layout-flow wp-block-column-is-layout-flow\" style=\"flex-basis:20%\"><\/div>\n\n\n\n<div class=\"wp-block-column is-layout-flow wp-block-column-is-layout-flow\" style=\"flex-basis:20%\">\n<figure class=\"wp-block-image size-full\"><a href=\"https:\/\/www.johanniter.de\/\"><img loading=\"lazy\" decoding=\"async\" width=\"494\" height=\"494\" src=\"https:\/\/enesty.org\/wp-content\/uploads\/2024\/01\/Johanniter.png\" alt=\"\" class=\"wp-image-2819\" srcset=\"https:\/\/enesty.org\/wp-content\/uploads\/2024\/01\/Johanniter.png 494w, https:\/\/enesty.org\/wp-content\/uploads\/2024\/01\/Johanniter-174x174.png 174w\" sizes=\"(max-width: 494px) 100vw, 494px\" \/><\/a><\/figure>\n<\/div>\n\n\n\n<div class=\"wp-block-column is-layout-flow wp-block-column-is-layout-flow\" style=\"flex-basis:20%\">\n<figure class=\"wp-block-image size-full\"><a href=\"https:\/\/www.baerenherz-leipzig.de\/\"><img loading=\"lazy\" decoding=\"async\" width=\"494\" height=\"494\" src=\"https:\/\/enesty.org\/wp-content\/uploads\/2024\/01\/Baerenherz.png\" alt=\"\" class=\"wp-image-2820\" srcset=\"https:\/\/enesty.org\/wp-content\/uploads\/2024\/01\/Baerenherz.png 494w, https:\/\/enesty.org\/wp-content\/uploads\/2024\/01\/Baerenherz-174x174.png 174w\" sizes=\"(max-width: 494px) 100vw, 494px\" \/><\/a><\/figure>\n<\/div>\n\n\n\n<div class=\"wp-block-column is-layout-flow wp-block-column-is-layout-flow\" style=\"flex-basis:20%\">\n<figure class=\"wp-block-image size-full\"><a href=\"https:\/\/rt204.de\/\"><img loading=\"lazy\" decoding=\"async\" width=\"493\" height=\"494\" src=\"https:\/\/enesty.org\/wp-content\/uploads\/2024\/01\/Round-Table-Dresden.png\" alt=\"\" class=\"wp-image-2821\" srcset=\"https:\/\/enesty.org\/wp-content\/uploads\/2024\/01\/Round-Table-Dresden.png 493w, https:\/\/enesty.org\/wp-content\/uploads\/2024\/01\/Round-Table-Dresden-174x174.png 174w\" sizes=\"(max-width: 493px) 100vw, 493px\" \/><\/a><\/figure>\n<\/div>\n\n\n\n<div class=\"wp-block-column is-layout-flow wp-block-column-is-layout-flow\" style=\"flex-basis:20%\">\n<figure class=\"wp-block-image size-full\"><a href=\"https:\/\/bildungsbruecke-ev.de\/\"><img loading=\"lazy\" decoding=\"async\" width=\"494\" height=\"494\" src=\"https:\/\/enesty.org\/wp-content\/uploads\/2024\/01\/Bildungsbruecke.png\" alt=\"\" class=\"wp-image-2822\" srcset=\"https:\/\/enesty.org\/wp-content\/uploads\/2024\/01\/Bildungsbruecke.png 494w, https:\/\/enesty.org\/wp-content\/uploads\/2024\/01\/Bildungsbruecke-174x174.png 174w\" sizes=\"(max-width: 494px) 100vw, 494px\" \/><\/a><\/figure>\n<\/div>\n<\/div>\n\n\n\n<div style=\"height:40px\" aria-hidden=\"true\" class=\"wp-block-spacer\"><\/div>\n\n\n\n<div class=\"wp-block-columns is-layout-flex wp-container-core-columns-layout-3 wp-block-columns-is-layout-flex\">\n<div class=\"wp-block-column is-layout-flow wp-block-column-is-layout-flow\" style=\"flex-basis:18.5%\">\n<figure class=\"wp-block-image size-full\"><a href=\"https:\/\/www.diakonie-doebeln.de\/\"><img loading=\"lazy\" decoding=\"async\" width=\"493\" height=\"494\" src=\"https:\/\/enesty.org\/wp-content\/uploads\/2024\/01\/Diakonie-doebeln.png\" alt=\"\" class=\"wp-image-2823\" srcset=\"https:\/\/enesty.org\/wp-content\/uploads\/2024\/01\/Diakonie-doebeln.png 493w, https:\/\/enesty.org\/wp-content\/uploads\/2024\/01\/Diakonie-doebeln-174x174.png 174w\" sizes=\"(max-width: 493px) 100vw, 493px\" \/><\/a><\/figure>\n<\/div>\n\n\n\n<div class=\"wp-block-column is-layout-flow wp-block-column-is-layout-flow\" style=\"flex-basis:18.5%\">\n<figure class=\"wp-block-image size-full\"><a href=\"https:\/\/www.sg-berka.de\/\"><img loading=\"lazy\" decoding=\"async\" width=\"494\" height=\"494\" src=\"https:\/\/enesty.org\/wp-content\/uploads\/2024\/01\/sg-berka.png\" alt=\"\" class=\"wp-image-2824\" srcset=\"https:\/\/enesty.org\/wp-content\/uploads\/2024\/01\/sg-berka.png 494w, https:\/\/enesty.org\/wp-content\/uploads\/2024\/01\/sg-berka-174x174.png 174w\" sizes=\"(max-width: 494px) 100vw, 494px\" \/><\/a><\/figure>\n<\/div>\n\n\n\n<div class=\"wp-block-column is-layout-flow wp-block-column-is-layout-flow\" style=\"flex-basis:18.5%\">\n<figure class=\"wp-block-image size-full\"><a href=\"https:\/\/www.fussball.de\/mannschaft\/sg-steinigtwolmsdorf-sg-steinigtwolmsdorf-sachsen\/-\/saison\/2324\/team-id\/011MIBOCGC000000VTVG0001VTR8C1K7#!\/\"><img loading=\"lazy\" decoding=\"async\" width=\"494\" height=\"494\" src=\"https:\/\/enesty.org\/wp-content\/uploads\/2024\/01\/steinigtwolmsdorf.png\" alt=\"\" class=\"wp-image-2825\" srcset=\"https:\/\/enesty.org\/wp-content\/uploads\/2024\/01\/steinigtwolmsdorf.png 494w, https:\/\/enesty.org\/wp-content\/uploads\/2024\/01\/steinigtwolmsdorf-174x174.png 174w\" sizes=\"(max-width: 494px) 100vw, 494px\" \/><\/a><\/figure>\n<\/div>\n\n\n\n<div class=\"wp-block-column is-vertically-aligned-center is-layout-flow wp-block-column-is-layout-flow\" style=\"flex-basis:40%\"><\/div>\n<\/div>\n\n\n\n<div style=\"height:80px\" aria-hidden=\"true\" class=\"wp-block-spacer\"><\/div>\n\n\n\n<h1 class=\"wp-block-heading\" style=\"font-size:50px\"><strong><em>Wir nehmen Verantwortung f\u00fcr die <\/em><\/strong><br><br><strong><em>Gesellschaft wahr.<\/em><\/strong><\/h1>\n\n\n\n<div style=\"height:40px\" aria-hidden=\"true\" class=\"wp-block-spacer\"><\/div>\n\n\n\n<p>Bereits bei der Gr\u00fcndung von enesty haben wir festgeschrieben, dass wir nicht nur f\u00fcr das Wohl des Unternehmens und unserer Mitarbeiter t\u00e4tig sind, sondern uns dar\u00fcber hinaus f\u00fcr die Gesellschaft engagieren. Der Firmenname steht f\u00fcr New Social Trading (NST). Mit einem Teil des Ertrages, den wir erwirtschaften, finanzieren und organisieren wir konsequent und kontinuierlich soziale Projekte.<\/p>\n\n\n\n<div style=\"height:40px\" aria-hidden=\"true\" class=\"wp-block-spacer\"><\/div>\n\n\n\n<h4 class=\"wp-block-heading\"><strong>Weitere Projekte<\/strong><\/h4>\n\n\n\n<ul>\n<li>\u00c4thiopienhilfeverein Fassika e.V. (Frauengef\u00e4ngnishilfe)<\/li>\n\n\n\n<li>Lacrima Trauerzentrum<\/li>\n\n\n\n<li>Lebenshilfe<\/li>\n\n\n\n<li>Open Doors<\/li>\n\n\n\n<li>CBM Christoffel-Blindenmission in Deutschland<\/li>\n\n\n\n<li>Heilsarmee<\/li>\n\n\n\n<li>uvw.<\/li>\n<\/ul>\n","protected":false},"excerpt":{"rendered":"<p>Wir nehmen Verantwortung f\u00fcr die Gesellschaft wahr. Bereits bei der Gr\u00fcndung von enesty haben wir festgeschrieben, dass wir nicht nur f\u00fcr das Wohl des Unternehmens und unserer Mitarbeiter t\u00e4tig sind, <a href=\"https:\/\/enesty.org\/en\/soziales\/\" rel=\"nofollow\"><span class=\"sr-only\">Read more about SOCIALLY.<\/span>[&hellip;]<\/a><\/p>\n","protected":false},"author":1,"featured_media":0,"parent":0,"menu_order":0,"comment_status":"closed","ping_status":"closed","template":"template-fullwidth.php","meta":{"footnotes":""},"yoast_head":"<!-- This site is optimized with the Yoast SEO plugin v22.0 - https:\/\/yoast.com\/wordpress\/plugins\/seo\/ -->\n<title>SOCIALLY. | enesty gmbh<\/title>\n<meta name=\"description\" content=\"{:de}Wir nehmen Verantwortung f\u00fcr die Gesellschaft wahrBereits bei der Gr\u00fcndung von enesty haben wir festgeschrieben, dass wir nicht nur f\u00fcr das Wohl des Unternehmens und unserer Mitarbeiter t\u00e4tig sind, sondern uns dar\u00fcber hinaus f\u00fcr die Gesellschaft engagieren. {:}\" \/>\n<meta name=\"robots\" content=\"index, follow, max-snippet:-1, max-image-preview:large, max-video-preview:-1\" \/>\n<link rel=\"canonical\" href=\"https:\/\/enesty.org\/soziales\/\" \/>\n<meta property=\"og:locale\" content=\"en_US\" \/>\n<meta property=\"og:type\" content=\"article\" \/>\n<meta property=\"og:title\" content=\"[:de]SOZIAL.[:en]SOCIALLY. | enesty gmbh\" \/>\n<meta property=\"og:description\" content=\"{:de}Wir nehmen Verantwortung f\u00fcr die Gesellschaft wahrBereits bei der Gr\u00fcndung von enesty haben wir festgeschrieben, dass wir nicht nur f\u00fcr das Wohl des Unternehmens und unserer Mitarbeiter t\u00e4tig sind, sondern uns dar\u00fcber hinaus f\u00fcr die Gesellschaft engagieren. {:}\" \/>\n<meta property=\"og:url\" content=\"https:\/\/enesty.org\/soziales\/\" \/>\n<meta property=\"og:site_name\" content=\"enesty gmbh\" \/>\n<meta property=\"article:modified_time\" content=\"2024-01-03T14:45:45+00:00\" \/>\n<meta property=\"og:image\" content=\"https:\/\/enesty.org\/wp-content\/uploads\/2024\/01\/Titel-Socially-892x683.png\" \/>\n<meta name=\"twitter:card\" content=\"summary_large_image\" \/>\n<meta name=\"twitter:label1\" content=\"Est. reading time\" \/>\n\t<meta name=\"twitter:data1\" content=\"3 minutes\" \/>\n<script type=\"application\/ld+json\" class=\"yoast-schema-graph\">{\"@context\":\"https:\/\/schema.org\",\"@graph\":[{\"@type\":\"WebPage\",\"@id\":\"https:\/\/enesty.org\/soziales\/\",\"url\":\"https:\/\/enesty.org\/soziales\/\",\"name\":\"[:de]SOZIAL.[:en]SOCIALLY. | enesty gmbh\",\"isPartOf\":{\"@id\":\"https:\/\/enesty.org\/#website\"},\"datePublished\":\"2019-11-14T15:07:05+00:00\",\"dateModified\":\"2024-01-03T14:45:45+00:00\",\"description\":\"{:de}Wir nehmen Verantwortung f\u00fcr die Gesellschaft wahrBereits bei der Gr\u00fcndung von enesty haben wir festgeschrieben, dass wir nicht nur f\u00fcr das Wohl des Unternehmens und unserer Mitarbeiter t\u00e4tig sind, sondern uns dar\u00fcber hinaus f\u00fcr die Gesellschaft engagieren. {:}\",\"breadcrumb\":{\"@id\":\"https:\/\/enesty.org\/soziales\/#breadcrumb\"},\"inLanguage\":\"en-US\",\"potentialAction\":[{\"@type\":\"ReadAction\",\"target\":[\"https:\/\/enesty.org\/soziales\/\"]}]},{\"@type\":\"BreadcrumbList\",\"@id\":\"https:\/\/enesty.org\/soziales\/#breadcrumb\",\"itemListElement\":[{\"@type\":\"ListItem\",\"position\":1,\"name\":\"Startseite\",\"item\":\"https:\/\/enesty.org\/\"},{\"@type\":\"ListItem\",\"position\":2,\"name\":\"SOZIAL.\"}]},{\"@type\":\"WebSite\",\"@id\":\"https:\/\/enesty.org\/#website\",\"url\":\"https:\/\/enesty.org\/\",\"name\":\"enesty gmbh\",\"description\":\"Innovative Technologien vom Prototyp bis zur Serie\",\"publisher\":{\"@id\":\"https:\/\/enesty.org\/#organization\"},\"potentialAction\":[{\"@type\":\"SearchAction\",\"target\":{\"@type\":\"EntryPoint\",\"urlTemplate\":\"https:\/\/enesty.org\/?s={search_term_string}\"},\"query-input\":\"required name=search_term_string\"}],\"inLanguage\":\"en-US\"},{\"@type\":\"Organization\",\"@id\":\"https:\/\/enesty.org\/#organization\",\"name\":\"enesty gmbh\",\"url\":\"https:\/\/enesty.org\/\",\"logo\":{\"@type\":\"ImageObject\",\"inLanguage\":\"en-US\",\"@id\":\"https:\/\/enesty.org\/#\/schema\/logo\/image\/\",\"url\":\"https:\/\/enesty.org\/wp-content\/uploads\/2019\/11\/logo.png\",\"contentUrl\":\"https:\/\/enesty.org\/wp-content\/uploads\/2019\/11\/logo.png\",\"width\":260,\"height\":76,\"caption\":\"enesty gmbh\"},\"image\":{\"@id\":\"https:\/\/enesty.org\/#\/schema\/logo\/image\/\"}}]}<\/script>\n<!-- \/ Yoast SEO plugin. -->","yoast_head_json":{"title":"[:de]SOZIAL.[:en]SOCIALLY. | enesty gmbh","description":"{:de}Wir nehmen Verantwortung f\u00fcr die Gesellschaft wahrBereits bei der Gr\u00fcndung von enesty haben wir festgeschrieben, dass wir nicht nur f\u00fcr das Wohl des Unternehmens und unserer Mitarbeiter t\u00e4tig sind, sondern uns dar\u00fcber hinaus f\u00fcr die Gesellschaft engagieren. {:}","robots":{"index":"index","follow":"follow","max-snippet":"max-snippet:-1","max-image-preview":"max-image-preview:large","max-video-preview":"max-video-preview:-1"},"canonical":"https:\/\/enesty.org\/soziales\/","og_locale":"en_US","og_type":"article","og_title":"[:de]SOZIAL.[:en]SOCIALLY. | enesty gmbh","og_description":"{:de}Wir nehmen Verantwortung f\u00fcr die Gesellschaft wahrBereits bei der Gr\u00fcndung von enesty haben wir festgeschrieben, dass wir nicht nur f\u00fcr das Wohl des Unternehmens und unserer Mitarbeiter t\u00e4tig sind, sondern uns dar\u00fcber hinaus f\u00fcr die Gesellschaft engagieren. {:}","og_url":"https:\/\/enesty.org\/soziales\/","og_site_name":"enesty gmbh","article_modified_time":"2024-01-03T14:45:45+00:00","og_image":[{"url":"https:\/\/enesty.org\/wp-content\/uploads\/2024\/01\/Titel-Socially-892x683.png"}],"twitter_card":"summary_large_image","twitter_misc":{"Est. reading time":"3 minutes"},"schema":{"@context":"https:\/\/schema.org","@graph":[{"@type":"WebPage","@id":"https:\/\/enesty.org\/soziales\/","url":"https:\/\/enesty.org\/soziales\/","name":"[:de]SOZIAL.[:en]SOCIALLY. | enesty gmbh","isPartOf":{"@id":"https:\/\/enesty.org\/#website"},"datePublished":"2019-11-14T15:07:05+00:00","dateModified":"2024-01-03T14:45:45+00:00","description":"{:de}Wir nehmen Verantwortung f\u00fcr die Gesellschaft wahrBereits bei der Gr\u00fcndung von enesty haben wir festgeschrieben, dass wir nicht nur f\u00fcr das Wohl des Unternehmens und unserer Mitarbeiter t\u00e4tig sind, sondern uns dar\u00fcber hinaus f\u00fcr die Gesellschaft engagieren. {:}","breadcrumb":{"@id":"https:\/\/enesty.org\/soziales\/#breadcrumb"},"inLanguage":"en-US","potentialAction":[{"@type":"ReadAction","target":["https:\/\/enesty.org\/soziales\/"]}]},{"@type":"BreadcrumbList","@id":"https:\/\/enesty.org\/soziales\/#breadcrumb","itemListElement":[{"@type":"ListItem","position":1,"name":"Startseite","item":"https:\/\/enesty.org\/"},{"@type":"ListItem","position":2,"name":"SOZIAL."}]},{"@type":"WebSite","@id":"https:\/\/enesty.org\/#website","url":"https:\/\/enesty.org\/","name":"enesty gmbh","description":"Innovative Technologien vom Prototyp bis zur Serie","publisher":{"@id":"https:\/\/enesty.org\/#organization"},"potentialAction":[{"@type":"SearchAction","target":{"@type":"EntryPoint","urlTemplate":"https:\/\/enesty.org\/?s={search_term_string}"},"query-input":"required name=search_term_string"}],"inLanguage":"en-US"},{"@type":"Organization","@id":"https:\/\/enesty.org\/#organization","name":"enesty gmbh","url":"https:\/\/enesty.org\/","logo":{"@type":"ImageObject","inLanguage":"en-US","@id":"https:\/\/enesty.org\/#\/schema\/logo\/image\/","url":"https:\/\/enesty.org\/wp-content\/uploads\/2019\/11\/logo.png","contentUrl":"https:\/\/enesty.org\/wp-content\/uploads\/2019\/11\/logo.png","width":260,"height":76,"caption":"enesty gmbh"},"image":{"@id":"https:\/\/enesty.org\/#\/schema\/logo\/image\/"}}]}},"_links":{"self":[{"href":"https:\/\/enesty.org\/en\/wp-json\/wp\/v2\/pages\/29"}],"collection":[{"href":"https:\/\/enesty.org\/en\/wp-json\/wp\/v2\/pages"}],"about":[{"href":"https:\/\/enesty.org\/en\/wp-json\/wp\/v2\/types\/page"}],"author":[{"embeddable":true,"href":"https:\/\/enesty.org\/en\/wp-json\/wp\/v2\/users\/1"}],"replies":[{"embeddable":true,"href":"https:\/\/enesty.org\/en\/wp-json\/wp\/v2\/comments?post=29"}],"version-history":[{"count":44,"href":"https:\/\/enesty.org\/en\/wp-json\/wp\/v2\/pages\/29\/revisions"}],"predecessor-version":[{"id":2835,"href":"https:\/\/enesty.org\/en\/wp-json\/wp\/v2\/pages\/29\/revisions\/2835"}],"wp:attachment":[{"href":"https:\/\/enesty.org\/en\/wp-json\/wp\/v2\/media?parent=29"}],"curies":[{"name":"wp","href":"https:\/\/api.w.org\/{rel}","templated":true}]}}