{"id":3588,"date":"2025-04-17T12:15:06","date_gmt":"2025-04-17T10:15:06","guid":{"rendered":"https:\/\/enesty.org\/?page_id=3588"},"modified":"2025-04-17T12:32:35","modified_gmt":"2025-04-17T10:32:35","slug":"platine","status":"publish","type":"page","link":"https:\/\/enesty.org\/en\/portrait\/forschung\/platine\/","title":{"rendered":"Platine"},"content":{"rendered":"<div class=\"wp-block-image\">\n<figure class=\"aligncenter size-large is-resized\"><img loading=\"lazy\" decoding=\"async\" width=\"778\" height=\"683\" src=\"https:\/\/enesty.org\/wp-content\/uploads\/2024\/11\/Beitrag-Platine-778x683.png\" alt=\"\" class=\"wp-image-3421\" style=\"width:322px;height:auto\" srcset=\"https:\/\/enesty.org\/wp-content\/uploads\/2024\/11\/Beitrag-Platine-778x683.png 778w, https:\/\/enesty.org\/wp-content\/uploads\/2024\/11\/Beitrag-Platine-569x500.png 569w, https:\/\/enesty.org\/wp-content\/uploads\/2024\/11\/Beitrag-Platine-768x674.png 768w, https:\/\/enesty.org\/wp-content\/uploads\/2024\/11\/Beitrag-Platine.png 961w\" sizes=\"(max-width: 778px) 100vw, 778px\" \/><\/figure><\/div>\n\n\n<p>Im Forschungsprojekt \u201eEntwicklung einer neuartigen Technologieplattform zur digitalen \u00dcberwachung im Spritzgussprozess\u201c arbeitet die enesty GmbH gemeinsam mit einem Softwarepartner an einer innovativen L\u00f6sung f\u00fcr die digitale Erfassung und Auswertung von Prozessdaten im Bereich der kunststoffverarbeitenden Industrie. Ziel ist es, die Transparenz, Steuerbarkeit und Effizienz von Temperierprozessen signifikant zu verbessern \u2013 insbesondere bei der Verarbeitung von biogenen Werkstoffen wie Biokunststoffen oder Naturfaser-Compounds.<\/p>\n\n\n\n<p>Ein besonderer Fokus liegt dabei auf der Entwicklung einer modularen Sensor-Hardwareplattform, die Temperatur- und Durchflussdaten mit hoher Genauigkeit erfasst und digital verf\u00fcgbar macht. Die Kombination aus einer intelligenten Sensorplatine und einer offenen BUS-Schnittstelle erm\u00f6glicht die nahtlose Einbindung in bestehende Fertigungsanlagen und bietet zugleich eine zukunftssichere Grundlage f\u00fcr vernetzte Produktionssysteme.<\/p>\n\n\n\n<p>Die Temperierung z\u00e4hlt zu den entscheidenden Faktoren f\u00fcr Qualit\u00e4t und Zykluszeit im Spritzguss. Gerade bei alternativen Werkstoffen erfordert der Prozess eine besonders genaue Kontrolle thermischer Parameter, da sich Materialverhalten, Schwindung und Festigkeit stark temperaturabh\u00e4ngig verhalten. Bisher eingesetzte analoge Systeme sto\u00dfen hier an ihre Grenzen \u2013 sowohl in Bezug auf Messgenauigkeit als auch hinsichtlich Wartungsaufwand und Datenverf\u00fcgbarkeit.<\/p>\n\n\n\n<p>Das Projekt wird im Rahmen eines F\u00f6rderprogramms durch die Europ\u00e4ische Union sowie den Freistaat Sachsen kofinanziert. Es stellt einen bedeutenden Schritt f\u00fcr die Digitalisierung in der Kunststoffverarbeitung dar und tr\u00e4gt zu einer nachhaltigeren und effizienteren Produktion bei.<\/p>\n\n\n<div class=\"wp-block-image\">\n<figure class=\"aligncenter size-large\"><img loading=\"lazy\" decoding=\"async\" width=\"1024\" height=\"188\" src=\"https:\/\/enesty.org\/wp-content\/uploads\/2024\/08\/EFRE-ESF_LO_Kombination_EU-Logo_SachsenSignet-klassisch_H_RGB-1024x188.png\" alt=\"\" class=\"wp-image-3307\" srcset=\"https:\/\/enesty.org\/wp-content\/uploads\/2024\/08\/EFRE-ESF_LO_Kombination_EU-Logo_SachsenSignet-klassisch_H_RGB-1024x188.png 1024w, https:\/\/enesty.org\/wp-content\/uploads\/2024\/08\/EFRE-ESF_LO_Kombination_EU-Logo_SachsenSignet-klassisch_H_RGB-750x138.png 750w, https:\/\/enesty.org\/wp-content\/uploads\/2024\/08\/EFRE-ESF_LO_Kombination_EU-Logo_SachsenSignet-klassisch_H_RGB-768x141.png 768w, https:\/\/enesty.org\/wp-content\/uploads\/2024\/08\/EFRE-ESF_LO_Kombination_EU-Logo_SachsenSignet-klassisch_H_RGB-1536x282.png 1536w, https:\/\/enesty.org\/wp-content\/uploads\/2024\/08\/EFRE-ESF_LO_Kombination_EU-Logo_SachsenSignet-klassisch_H_RGB.png 2011w\" sizes=\"(max-width: 1024px) 100vw, 1024px\" \/><\/figure><\/div>","protected":false},"excerpt":{"rendered":"<p>Im Forschungsprojekt \u201eEntwicklung einer neuartigen Technologieplattform zur digitalen \u00dcberwachung im Spritzgussprozess\u201c arbeitet die enesty GmbH gemeinsam mit einem Softwarepartner an einer innovativen L\u00f6sung f\u00fcr die digitale Erfassung und Auswertung von <a href=\"https:\/\/enesty.org\/en\/portrait\/forschung\/platine\/\" rel=\"nofollow\"><span class=\"sr-only\">Read more about Platine<\/span>[&hellip;]<\/a><\/p>\n","protected":false},"author":4,"featured_media":3421,"parent":37,"menu_order":0,"comment_status":"closed","ping_status":"closed","template":"","meta":{"footnotes":""},"yoast_head":"<!-- This site is optimized with the Yoast SEO plugin v22.0 - https:\/\/yoast.com\/wordpress\/plugins\/seo\/ -->\n<title>Platine | enesty gmbh<\/title>\n<meta name=\"description\" content=\"Entwicklung einer Platine zur digitalen \u00dcberwachung im Spritzgie\u00dfprozess mittels eines Forschungsprojektes.\" \/>\n<meta name=\"robots\" content=\"index, follow, max-snippet:-1, max-image-preview:large, max-video-preview:-1\" \/>\n<link rel=\"canonical\" href=\"https:\/\/enesty.org\/portrait\/forschung\/platine\/\" \/>\n<meta property=\"og:locale\" content=\"en_US\" \/>\n<meta property=\"og:type\" content=\"article\" \/>\n<meta property=\"og:title\" content=\"Platine | enesty gmbh\" \/>\n<meta property=\"og:description\" content=\"Entwicklung einer Platine zur digitalen \u00dcberwachung im Spritzgie\u00dfprozess mittels eines Forschungsprojektes.\" \/>\n<meta property=\"og:url\" content=\"https:\/\/enesty.org\/portrait\/forschung\/platine\/\" \/>\n<meta property=\"og:site_name\" content=\"enesty gmbh\" \/>\n<meta property=\"article:modified_time\" content=\"2025-04-17T10:32:35+00:00\" \/>\n<meta property=\"og:image\" content=\"https:\/\/enesty.org\/wp-content\/uploads\/2024\/11\/Beitrag-Platine.png\" \/>\n\t<meta property=\"og:image:width\" content=\"961\" \/>\n\t<meta property=\"og:image:height\" content=\"844\" \/>\n\t<meta property=\"og:image:type\" content=\"image\/png\" \/>\n<meta name=\"twitter:card\" content=\"summary_large_image\" \/>\n<meta name=\"twitter:label1\" content=\"Est. reading time\" \/>\n\t<meta name=\"twitter:data1\" content=\"2 minutes\" \/>\n<script type=\"application\/ld+json\" class=\"yoast-schema-graph\">{\"@context\":\"https:\/\/schema.org\",\"@graph\":[{\"@type\":\"WebPage\",\"@id\":\"https:\/\/enesty.org\/portrait\/forschung\/platine\/\",\"url\":\"https:\/\/enesty.org\/portrait\/forschung\/platine\/\",\"name\":\"Platine | enesty gmbh\",\"isPartOf\":{\"@id\":\"https:\/\/enesty.org\/#website\"},\"datePublished\":\"2025-04-17T10:15:06+00:00\",\"dateModified\":\"2025-04-17T10:32:35+00:00\",\"description\":\"Entwicklung einer Platine zur digitalen \u00dcberwachung im Spritzgie\u00dfprozess mittels eines Forschungsprojektes.\",\"breadcrumb\":{\"@id\":\"https:\/\/enesty.org\/portrait\/forschung\/platine\/#breadcrumb\"},\"inLanguage\":\"en-US\",\"potentialAction\":[{\"@type\":\"ReadAction\",\"target\":[\"https:\/\/enesty.org\/portrait\/forschung\/platine\/\"]}]},{\"@type\":\"BreadcrumbList\",\"@id\":\"https:\/\/enesty.org\/portrait\/forschung\/platine\/#breadcrumb\",\"itemListElement\":[{\"@type\":\"ListItem\",\"position\":1,\"name\":\"Startseite\",\"item\":\"https:\/\/enesty.org\/\"},{\"@type\":\"ListItem\",\"position\":2,\"name\":\"PORTRAIT.\",\"item\":\"https:\/\/enesty.org\/portrait\/\"},{\"@type\":\"ListItem\",\"position\":3,\"name\":\"FORSCHUNG\",\"item\":\"https:\/\/enesty.org\/portrait\/forschung\/\"},{\"@type\":\"ListItem\",\"position\":4,\"name\":\"Platine\"}]},{\"@type\":\"WebSite\",\"@id\":\"https:\/\/enesty.org\/#website\",\"url\":\"https:\/\/enesty.org\/\",\"name\":\"enesty gmbh\",\"description\":\"Innovative Technologien vom Prototyp bis zur Serie\",\"publisher\":{\"@id\":\"https:\/\/enesty.org\/#organization\"},\"potentialAction\":[{\"@type\":\"SearchAction\",\"target\":{\"@type\":\"EntryPoint\",\"urlTemplate\":\"https:\/\/enesty.org\/?s={search_term_string}\"},\"query-input\":\"required name=search_term_string\"}],\"inLanguage\":\"en-US\"},{\"@type\":\"Organization\",\"@id\":\"https:\/\/enesty.org\/#organization\",\"name\":\"enesty gmbh\",\"url\":\"https:\/\/enesty.org\/\",\"logo\":{\"@type\":\"ImageObject\",\"inLanguage\":\"en-US\",\"@id\":\"https:\/\/enesty.org\/#\/schema\/logo\/image\/\",\"url\":\"https:\/\/enesty.org\/wp-content\/uploads\/2019\/11\/logo.png\",\"contentUrl\":\"https:\/\/enesty.org\/wp-content\/uploads\/2019\/11\/logo.png\",\"width\":260,\"height\":76,\"caption\":\"enesty gmbh\"},\"image\":{\"@id\":\"https:\/\/enesty.org\/#\/schema\/logo\/image\/\"}}]}<\/script>\n<!-- \/ Yoast SEO plugin. -->","yoast_head_json":{"title":"Platine | enesty gmbh","description":"Entwicklung einer Platine zur digitalen \u00dcberwachung im Spritzgie\u00dfprozess mittels eines Forschungsprojektes.","robots":{"index":"index","follow":"follow","max-snippet":"max-snippet:-1","max-image-preview":"max-image-preview:large","max-video-preview":"max-video-preview:-1"},"canonical":"https:\/\/enesty.org\/portrait\/forschung\/platine\/","og_locale":"en_US","og_type":"article","og_title":"Platine | enesty gmbh","og_description":"Entwicklung einer Platine zur digitalen \u00dcberwachung im Spritzgie\u00dfprozess mittels eines Forschungsprojektes.","og_url":"https:\/\/enesty.org\/portrait\/forschung\/platine\/","og_site_name":"enesty gmbh","article_modified_time":"2025-04-17T10:32:35+00:00","og_image":[{"width":961,"height":844,"url":"https:\/\/enesty.org\/wp-content\/uploads\/2024\/11\/Beitrag-Platine.png","type":"image\/png"}],"twitter_card":"summary_large_image","twitter_misc":{"Est. reading time":"2 minutes"},"schema":{"@context":"https:\/\/schema.org","@graph":[{"@type":"WebPage","@id":"https:\/\/enesty.org\/portrait\/forschung\/platine\/","url":"https:\/\/enesty.org\/portrait\/forschung\/platine\/","name":"Platine | enesty gmbh","isPartOf":{"@id":"https:\/\/enesty.org\/#website"},"datePublished":"2025-04-17T10:15:06+00:00","dateModified":"2025-04-17T10:32:35+00:00","description":"Entwicklung einer Platine zur digitalen \u00dcberwachung im Spritzgie\u00dfprozess mittels eines Forschungsprojektes.","breadcrumb":{"@id":"https:\/\/enesty.org\/portrait\/forschung\/platine\/#breadcrumb"},"inLanguage":"en-US","potentialAction":[{"@type":"ReadAction","target":["https:\/\/enesty.org\/portrait\/forschung\/platine\/"]}]},{"@type":"BreadcrumbList","@id":"https:\/\/enesty.org\/portrait\/forschung\/platine\/#breadcrumb","itemListElement":[{"@type":"ListItem","position":1,"name":"Startseite","item":"https:\/\/enesty.org\/"},{"@type":"ListItem","position":2,"name":"PORTRAIT.","item":"https:\/\/enesty.org\/portrait\/"},{"@type":"ListItem","position":3,"name":"FORSCHUNG","item":"https:\/\/enesty.org\/portrait\/forschung\/"},{"@type":"ListItem","position":4,"name":"Platine"}]},{"@type":"WebSite","@id":"https:\/\/enesty.org\/#website","url":"https:\/\/enesty.org\/","name":"enesty gmbh","description":"Innovative Technologien vom Prototyp bis zur Serie","publisher":{"@id":"https:\/\/enesty.org\/#organization"},"potentialAction":[{"@type":"SearchAction","target":{"@type":"EntryPoint","urlTemplate":"https:\/\/enesty.org\/?s={search_term_string}"},"query-input":"required name=search_term_string"}],"inLanguage":"en-US"},{"@type":"Organization","@id":"https:\/\/enesty.org\/#organization","name":"enesty gmbh","url":"https:\/\/enesty.org\/","logo":{"@type":"ImageObject","inLanguage":"en-US","@id":"https:\/\/enesty.org\/#\/schema\/logo\/image\/","url":"https:\/\/enesty.org\/wp-content\/uploads\/2019\/11\/logo.png","contentUrl":"https:\/\/enesty.org\/wp-content\/uploads\/2019\/11\/logo.png","width":260,"height":76,"caption":"enesty gmbh"},"image":{"@id":"https:\/\/enesty.org\/#\/schema\/logo\/image\/"}}]}},"_links":{"self":[{"href":"https:\/\/enesty.org\/en\/wp-json\/wp\/v2\/pages\/3588"}],"collection":[{"href":"https:\/\/enesty.org\/en\/wp-json\/wp\/v2\/pages"}],"about":[{"href":"https:\/\/enesty.org\/en\/wp-json\/wp\/v2\/types\/page"}],"author":[{"embeddable":true,"href":"https:\/\/enesty.org\/en\/wp-json\/wp\/v2\/users\/4"}],"replies":[{"embeddable":true,"href":"https:\/\/enesty.org\/en\/wp-json\/wp\/v2\/comments?post=3588"}],"version-history":[{"count":3,"href":"https:\/\/enesty.org\/en\/wp-json\/wp\/v2\/pages\/3588\/revisions"}],"predecessor-version":[{"id":3600,"href":"https:\/\/enesty.org\/en\/wp-json\/wp\/v2\/pages\/3588\/revisions\/3600"}],"up":[{"embeddable":true,"href":"https:\/\/enesty.org\/en\/wp-json\/wp\/v2\/pages\/37"}],"wp:featuredmedia":[{"embeddable":true,"href":"https:\/\/enesty.org\/en\/wp-json\/wp\/v2\/media\/3421"}],"wp:attachment":[{"href":"https:\/\/enesty.org\/en\/wp-json\/wp\/v2\/media?parent=3588"}],"curies":[{"name":"wp","href":"https:\/\/api.w.org\/{rel}","templated":true}]}}