{"id":3650,"date":"2025-06-26T16:20:47","date_gmt":"2025-06-26T14:20:47","guid":{"rendered":"https:\/\/enesty.org\/?page_id=3650"},"modified":"2025-06-27T12:08:20","modified_gmt":"2025-06-27T10:08:20","slug":"erp-projekt","status":"publish","type":"page","link":"https:\/\/enesty.org\/en\/portrait\/forschung\/erp-projekt\/","title":{"rendered":"ERP-Projekt"},"content":{"rendered":"\n<p>Mit der Einf\u00fchrung eines unternehmensweiten ERP-Systems startet die enesty GmbH ein strategisch bedeutendes Transformationsprojekt, das die Grundlage f\u00fcr eine durchg\u00e4ngige Digitalisierung und Professionalisierung aller Gesch\u00e4ftsprozesse schafft. Ziel ist es, bisher isolierte Abl\u00e4ufe in Vertrieb, Buchhaltung, Produktentwicklung und Produktion in einem zentralen System zu b\u00fcndeln.<\/p>\n\n\n\n<p>Die Digitalisierung dieser Schnittstellen erm\u00f6glicht effizientere Abl\u00e4ufe, weniger Fehlerquellen und eine h\u00f6here Transparenz \u00fcber alle Abteilungen hinweg. Damit st\u00e4rkt das Projekt nicht nur die operative Leistungsf\u00e4higkeit, sondern auch die Zukunftsf\u00e4higkeit und Skalierbarkeit des Unternehmens. Gef\u00f6rdert durch den Europ\u00e4ischen Fonds f\u00fcr regionale Entwicklung (EFRE) markiert dieses Vorhaben einen wichtigen Meilenstein f\u00fcr enesty auf dem Weg zu einer modernen, digital vernetzten Organisation.<\/p>\n\n\n<div class=\"wp-block-image\">\n<figure class=\"aligncenter size-medium\"><img loading=\"lazy\" decoding=\"async\" width=\"750\" height=\"138\" src=\"https:\/\/enesty.org\/wp-content\/uploads\/2024\/08\/EFRE-ESF_LO_Kombination_EU-Logo_SachsenSignet-klassisch_H_RGB-750x138.png\" alt=\"Dieses Forschungsprojekt wird kofinanziert von der Europ\u00e4ischen Union und durch den Freitstaat Sachsen unterst\u00fctzt.\" class=\"wp-image-3307\" srcset=\"https:\/\/enesty.org\/wp-content\/uploads\/2024\/08\/EFRE-ESF_LO_Kombination_EU-Logo_SachsenSignet-klassisch_H_RGB-750x138.png 750w, https:\/\/enesty.org\/wp-content\/uploads\/2024\/08\/EFRE-ESF_LO_Kombination_EU-Logo_SachsenSignet-klassisch_H_RGB-1024x188.png 1024w, https:\/\/enesty.org\/wp-content\/uploads\/2024\/08\/EFRE-ESF_LO_Kombination_EU-Logo_SachsenSignet-klassisch_H_RGB-768x141.png 768w, https:\/\/enesty.org\/wp-content\/uploads\/2024\/08\/EFRE-ESF_LO_Kombination_EU-Logo_SachsenSignet-klassisch_H_RGB-1536x282.png 1536w, https:\/\/enesty.org\/wp-content\/uploads\/2024\/08\/EFRE-ESF_LO_Kombination_EU-Logo_SachsenSignet-klassisch_H_RGB.png 2011w\" sizes=\"(max-width: 750px) 100vw, 750px\" \/><\/figure><\/div>","protected":false},"excerpt":{"rendered":"<p>Mit der Einf\u00fchrung eines unternehmensweiten ERP-Systems startet die enesty GmbH ein strategisch bedeutendes Transformationsprojekt, das die Grundlage f\u00fcr eine durchg\u00e4ngige Digitalisierung und Professionalisierung aller Gesch\u00e4ftsprozesse schafft. Ziel ist es, bisher <a href=\"https:\/\/enesty.org\/en\/portrait\/forschung\/erp-projekt\/\" rel=\"nofollow\"><span class=\"sr-only\">Read more about ERP-Projekt<\/span>[&hellip;]<\/a><\/p>\n","protected":false},"author":4,"featured_media":3651,"parent":37,"menu_order":0,"comment_status":"closed","ping_status":"closed","template":"template-fullwidth.php","meta":{"footnotes":""},"yoast_head":"<!-- This site is optimized with the Yoast SEO plugin v22.0 - https:\/\/yoast.com\/wordpress\/plugins\/seo\/ -->\n<title>ERP-Projekt | enesty gmbh<\/title>\n<meta name=\"description\" content=\"Einf\u00fchrung eines ERP-Systems zur Prozessoptimierung in Vertrieb, Buchhaltung &amp; Produktion. Transformationsprojekt gestartet.\" \/>\n<meta name=\"robots\" content=\"index, follow, max-snippet:-1, max-image-preview:large, max-video-preview:-1\" \/>\n<link rel=\"canonical\" href=\"https:\/\/enesty.org\/portrait\/forschung\/erp-projekt\/\" \/>\n<meta property=\"og:locale\" content=\"en_US\" \/>\n<meta property=\"og:type\" content=\"article\" \/>\n<meta property=\"og:title\" content=\"ERP-Projekt | enesty gmbh\" \/>\n<meta property=\"og:description\" content=\"Einf\u00fchrung eines ERP-Systems zur Prozessoptimierung in Vertrieb, Buchhaltung &amp; Produktion. Transformationsprojekt gestartet.\" \/>\n<meta property=\"og:url\" content=\"https:\/\/enesty.org\/portrait\/forschung\/erp-projekt\/\" \/>\n<meta property=\"og:site_name\" content=\"enesty gmbh\" \/>\n<meta property=\"article:modified_time\" content=\"2025-06-27T10:08:20+00:00\" \/>\n<meta property=\"og:image\" content=\"https:\/\/enesty.org\/wp-content\/uploads\/2025\/06\/ERP-System_header.png\" \/>\n\t<meta property=\"og:image:width\" content=\"948\" \/>\n\t<meta property=\"og:image:height\" content=\"685\" \/>\n\t<meta property=\"og:image:type\" content=\"image\/png\" \/>\n<meta name=\"twitter:card\" content=\"summary_large_image\" \/>\n<meta name=\"twitter:label1\" content=\"Est. reading time\" \/>\n\t<meta name=\"twitter:data1\" content=\"1 minute\" \/>\n<script type=\"application\/ld+json\" class=\"yoast-schema-graph\">{\"@context\":\"https:\/\/schema.org\",\"@graph\":[{\"@type\":\"WebPage\",\"@id\":\"https:\/\/enesty.org\/portrait\/forschung\/erp-projekt\/\",\"url\":\"https:\/\/enesty.org\/portrait\/forschung\/erp-projekt\/\",\"name\":\"ERP-Projekt | enesty gmbh\",\"isPartOf\":{\"@id\":\"https:\/\/enesty.org\/#website\"},\"datePublished\":\"2025-06-26T14:20:47+00:00\",\"dateModified\":\"2025-06-27T10:08:20+00:00\",\"description\":\"Einf\u00fchrung eines ERP-Systems zur Prozessoptimierung in Vertrieb, Buchhaltung & Produktion. Transformationsprojekt gestartet.\",\"breadcrumb\":{\"@id\":\"https:\/\/enesty.org\/portrait\/forschung\/erp-projekt\/#breadcrumb\"},\"inLanguage\":\"en-US\",\"potentialAction\":[{\"@type\":\"ReadAction\",\"target\":[\"https:\/\/enesty.org\/portrait\/forschung\/erp-projekt\/\"]}]},{\"@type\":\"BreadcrumbList\",\"@id\":\"https:\/\/enesty.org\/portrait\/forschung\/erp-projekt\/#breadcrumb\",\"itemListElement\":[{\"@type\":\"ListItem\",\"position\":1,\"name\":\"Startseite\",\"item\":\"https:\/\/enesty.org\/\"},{\"@type\":\"ListItem\",\"position\":2,\"name\":\"PORTRAIT.\",\"item\":\"https:\/\/enesty.org\/portrait\/\"},{\"@type\":\"ListItem\",\"position\":3,\"name\":\"FORSCHUNG\",\"item\":\"https:\/\/enesty.org\/portrait\/forschung\/\"},{\"@type\":\"ListItem\",\"position\":4,\"name\":\"ERP-Projekt\"}]},{\"@type\":\"WebSite\",\"@id\":\"https:\/\/enesty.org\/#website\",\"url\":\"https:\/\/enesty.org\/\",\"name\":\"enesty gmbh\",\"description\":\"Innovative Technologien vom Prototyp bis zur Serie\",\"publisher\":{\"@id\":\"https:\/\/enesty.org\/#organization\"},\"potentialAction\":[{\"@type\":\"SearchAction\",\"target\":{\"@type\":\"EntryPoint\",\"urlTemplate\":\"https:\/\/enesty.org\/?s={search_term_string}\"},\"query-input\":\"required name=search_term_string\"}],\"inLanguage\":\"en-US\"},{\"@type\":\"Organization\",\"@id\":\"https:\/\/enesty.org\/#organization\",\"name\":\"enesty gmbh\",\"url\":\"https:\/\/enesty.org\/\",\"logo\":{\"@type\":\"ImageObject\",\"inLanguage\":\"en-US\",\"@id\":\"https:\/\/enesty.org\/#\/schema\/logo\/image\/\",\"url\":\"https:\/\/enesty.org\/wp-content\/uploads\/2019\/11\/logo.png\",\"contentUrl\":\"https:\/\/enesty.org\/wp-content\/uploads\/2019\/11\/logo.png\",\"width\":260,\"height\":76,\"caption\":\"enesty gmbh\"},\"image\":{\"@id\":\"https:\/\/enesty.org\/#\/schema\/logo\/image\/\"}}]}<\/script>\n<!-- \/ Yoast SEO plugin. -->","yoast_head_json":{"title":"ERP-Projekt | enesty gmbh","description":"Einf\u00fchrung eines ERP-Systems zur Prozessoptimierung in Vertrieb, Buchhaltung & Produktion. Transformationsprojekt gestartet.","robots":{"index":"index","follow":"follow","max-snippet":"max-snippet:-1","max-image-preview":"max-image-preview:large","max-video-preview":"max-video-preview:-1"},"canonical":"https:\/\/enesty.org\/portrait\/forschung\/erp-projekt\/","og_locale":"en_US","og_type":"article","og_title":"ERP-Projekt | enesty gmbh","og_description":"Einf\u00fchrung eines ERP-Systems zur Prozessoptimierung in Vertrieb, Buchhaltung & Produktion. Transformationsprojekt gestartet.","og_url":"https:\/\/enesty.org\/portrait\/forschung\/erp-projekt\/","og_site_name":"enesty gmbh","article_modified_time":"2025-06-27T10:08:20+00:00","og_image":[{"width":948,"height":685,"url":"https:\/\/enesty.org\/wp-content\/uploads\/2025\/06\/ERP-System_header.png","type":"image\/png"}],"twitter_card":"summary_large_image","twitter_misc":{"Est. reading time":"1 minute"},"schema":{"@context":"https:\/\/schema.org","@graph":[{"@type":"WebPage","@id":"https:\/\/enesty.org\/portrait\/forschung\/erp-projekt\/","url":"https:\/\/enesty.org\/portrait\/forschung\/erp-projekt\/","name":"ERP-Projekt | enesty gmbh","isPartOf":{"@id":"https:\/\/enesty.org\/#website"},"datePublished":"2025-06-26T14:20:47+00:00","dateModified":"2025-06-27T10:08:20+00:00","description":"Einf\u00fchrung eines ERP-Systems zur Prozessoptimierung in Vertrieb, Buchhaltung & Produktion. Transformationsprojekt gestartet.","breadcrumb":{"@id":"https:\/\/enesty.org\/portrait\/forschung\/erp-projekt\/#breadcrumb"},"inLanguage":"en-US","potentialAction":[{"@type":"ReadAction","target":["https:\/\/enesty.org\/portrait\/forschung\/erp-projekt\/"]}]},{"@type":"BreadcrumbList","@id":"https:\/\/enesty.org\/portrait\/forschung\/erp-projekt\/#breadcrumb","itemListElement":[{"@type":"ListItem","position":1,"name":"Startseite","item":"https:\/\/enesty.org\/"},{"@type":"ListItem","position":2,"name":"PORTRAIT.","item":"https:\/\/enesty.org\/portrait\/"},{"@type":"ListItem","position":3,"name":"FORSCHUNG","item":"https:\/\/enesty.org\/portrait\/forschung\/"},{"@type":"ListItem","position":4,"name":"ERP-Projekt"}]},{"@type":"WebSite","@id":"https:\/\/enesty.org\/#website","url":"https:\/\/enesty.org\/","name":"enesty gmbh","description":"Innovative Technologien vom Prototyp bis zur Serie","publisher":{"@id":"https:\/\/enesty.org\/#organization"},"potentialAction":[{"@type":"SearchAction","target":{"@type":"EntryPoint","urlTemplate":"https:\/\/enesty.org\/?s={search_term_string}"},"query-input":"required name=search_term_string"}],"inLanguage":"en-US"},{"@type":"Organization","@id":"https:\/\/enesty.org\/#organization","name":"enesty gmbh","url":"https:\/\/enesty.org\/","logo":{"@type":"ImageObject","inLanguage":"en-US","@id":"https:\/\/enesty.org\/#\/schema\/logo\/image\/","url":"https:\/\/enesty.org\/wp-content\/uploads\/2019\/11\/logo.png","contentUrl":"https:\/\/enesty.org\/wp-content\/uploads\/2019\/11\/logo.png","width":260,"height":76,"caption":"enesty gmbh"},"image":{"@id":"https:\/\/enesty.org\/#\/schema\/logo\/image\/"}}]}},"_links":{"self":[{"href":"https:\/\/enesty.org\/en\/wp-json\/wp\/v2\/pages\/3650"}],"collection":[{"href":"https:\/\/enesty.org\/en\/wp-json\/wp\/v2\/pages"}],"about":[{"href":"https:\/\/enesty.org\/en\/wp-json\/wp\/v2\/types\/page"}],"author":[{"embeddable":true,"href":"https:\/\/enesty.org\/en\/wp-json\/wp\/v2\/users\/4"}],"replies":[{"embeddable":true,"href":"https:\/\/enesty.org\/en\/wp-json\/wp\/v2\/comments?post=3650"}],"version-history":[{"count":1,"href":"https:\/\/enesty.org\/en\/wp-json\/wp\/v2\/pages\/3650\/revisions"}],"predecessor-version":[{"id":3653,"href":"https:\/\/enesty.org\/en\/wp-json\/wp\/v2\/pages\/3650\/revisions\/3653"}],"up":[{"embeddable":true,"href":"https:\/\/enesty.org\/en\/wp-json\/wp\/v2\/pages\/37"}],"wp:featuredmedia":[{"embeddable":true,"href":"https:\/\/enesty.org\/en\/wp-json\/wp\/v2\/media\/3651"}],"wp:attachment":[{"href":"https:\/\/enesty.org\/en\/wp-json\/wp\/v2\/media?parent=3650"}],"curies":[{"name":"wp","href":"https:\/\/api.w.org\/{rel}","templated":true}]}}