{"id":66,"date":"2019-11-14T16:19:24","date_gmt":"2019-11-14T15:19:24","guid":{"rendered":"http:\/\/enesty.webentwicklung.haus-der-edv.de\/?page_id=66"},"modified":"2024-02-07T15:07:55","modified_gmt":"2024-02-07T14:07:55","slug":"impressum","status":"publish","type":"page","link":"https:\/\/enesty.org\/en\/impressum\/","title":{"rendered":"IMPRESSUM"},"content":{"rendered":"<h3 class=\"green-text\">Alle Angaben nach \u00a75 TMG<\/h3>\n<p>enesty gmbh<br \/>\nFr\u00f6ndenberger Stra\u00dfe 15<br \/>\n04746 Hartha | Germany<\/p>\n<h4 class=\"green-text\">Vertreten durch<\/h4>\n<p>Jonathan Franke | Jochen Stemke | Dr.-Ing. Michael S\u00fc\u00df<\/p>\n<h4 class=\"green-text\">Kontakt<\/h4>\n<p>phone:\u00a0<a href=\"tel:+4934328607090\">+49 34328 607090<\/a><br \/>\nfax: +49 34328 607091<br \/>\nMail:\u00a0<a href=\"mailto:%20info@enesty.org\">info@enesty.org<\/a><br \/>\nWeb:\u00a0<a href=\"http:\/\/www.enesty.org\/\">www.enesty.org<\/a><\/p>\n<h3 class=\"green-text\">Registereintrag<\/h3>\n<p>Eingetragen im Handelsregister<\/p>\n<p>Registergericht: Chemnitz<br \/>\nRegisternummer: HRB 28300<\/p>\n<h3 class=\"green-text\">Umsatzsteuer-ID<\/h3>\n<p>Umsatzsteuer-Identifikationsnummer gem\u00e4\u00df \u00a727 a Umsatzsteuergesetz: DE291100439<\/p>\n<h3 class=\"green-text\">Verantwortlich f\u00fcr den Inhalt nach \u00a7 55 Abs. 2 RStV<\/h3>\n<p>enesty gmbh<br \/>\nFr\u00f6ndenberger Stra\u00dfe 15<br \/>\n04746 Hartha | Germany<\/p>\n<h3 class=\"green-text\">Streitschlichtung<\/h3>\n<p>Die Europ\u00e4ische Kommission stellt eine Plattform zur Online-Streitbeilegung (OS) bereit:\u00a0<a href=\"https:\/\/ec.europa.eu\/consumers\/odr\" target=\"_blank\" rel=\"noopener noreferrer\">https:\/\/ec.europa.eu\/consumers\/odr<\/a><br \/>\nUnsere E-Mail-Adresse finden Sie oben im Impressum.<\/p>\n<p>Wir sind nicht bereit oder verpflichtet, an Streitbeilegungsverfahren vor einer Verbraucherschlichtungsstelle teilzunehmen.<\/p>\n<h3 class=\"green-text\">Verantwortlich f\u00fcr Design<\/h3>\n<p>Marketingagentur Reichel<br \/>\nKleinolbersdorfer Str. 6<br \/>\n09127 Chemnitz<\/p>\n<p>Tel.:\u00a0<a href=\"tel:+493717743510\">+49 371 7743510<\/a><br \/>\nFax: +49 371 7743511<br \/>\nMail:\u00a0<a href=\"mailto:mareichel@ma-reichel.de\">mareichel@ma-reichel.de<\/a><br \/>\nWeb:\u00a0<a href=\"http:\/\/www.ma-reichel.de\/\">www.ma-reichel.de<\/a><\/p>\n<h3 class=\"green-text\">Verantwortlich f\u00fcr Umsetzung<\/h3>\n<p>K&amp;W Informatik GmbH<br \/>\nFeldstra\u00dfe 2<br \/>\n09366 Niederdorf\/Erz.<\/p>\n<p>Tel.:\u00a0<a href=\"tel:+49375818990\">0375 818 99-0<\/a><br \/>\nFax: 0375 294 19 7<br \/>\nMail:\u00a0<a href=\"mailto:info@haus-der-edv.de\">info@haus-der-edv.de<\/a><br \/>\nWeb:\u00a0<a href=\"https:\/\/www.haus-der-edv.de\/\">www.haus-der-edv.de<\/a><\/p>\n<h3 class=\"green-text\">Bildmaterial<\/h3>\n<p>Enesty<br \/>\niStock<\/p>\n","protected":false},"excerpt":{"rendered":"<p>Alle Angaben nach \u00a75 TMG enesty gmbh Fr\u00f6ndenberger Stra\u00dfe 15 04746 Hartha | Germany Vertreten durch Jonathan Franke | Jochen Stemke | Dr.-Ing. Michael S\u00fc\u00df Kontakt phone:\u00a0+49 34328 607090 fax: <a href=\"https:\/\/enesty.org\/en\/impressum\/\" rel=\"nofollow\"><span class=\"sr-only\">Read more about IMPRESSUM<\/span>[&hellip;]<\/a><\/p>\n","protected":false},"author":1,"featured_media":0,"parent":0,"menu_order":0,"comment_status":"closed","ping_status":"closed","template":"template-fullwidth.php","meta":{"footnotes":""},"yoast_head":"<!-- This site is optimized with the Yoast SEO plugin v22.0 - https:\/\/yoast.com\/wordpress\/plugins\/seo\/ -->\n<title>IMPRESSUM | enesty gmbh<\/title>\n<meta name=\"description\" content=\"{:de}Alle Angaben nach \u00a75 TMG. enesty gmbh Fr\u00f6ndenberger Stra\u00dfe 1504746 Hartha | Germany{:}\" \/>\n<meta name=\"robots\" content=\"index, follow, max-snippet:-1, max-image-preview:large, max-video-preview:-1\" \/>\n<link rel=\"canonical\" href=\"https:\/\/enesty.org\/impressum\/\" \/>\n<meta property=\"og:locale\" content=\"en_US\" \/>\n<meta property=\"og:type\" content=\"article\" \/>\n<meta property=\"og:title\" content=\"IMPRESSUM | enesty gmbh\" \/>\n<meta property=\"og:description\" content=\"{:de}Alle Angaben nach \u00a75 TMG. enesty gmbh Fr\u00f6ndenberger Stra\u00dfe 1504746 Hartha | Germany{:}\" \/>\n<meta property=\"og:url\" content=\"https:\/\/enesty.org\/impressum\/\" \/>\n<meta property=\"og:site_name\" content=\"enesty gmbh\" \/>\n<meta property=\"article:modified_time\" content=\"2024-02-07T14:07:55+00:00\" \/>\n<meta name=\"twitter:card\" content=\"summary_large_image\" \/>\n<meta name=\"twitter:label1\" content=\"Est. reading time\" \/>\n\t<meta name=\"twitter:data1\" content=\"1 minute\" \/>\n<script type=\"application\/ld+json\" class=\"yoast-schema-graph\">{\"@context\":\"https:\/\/schema.org\",\"@graph\":[{\"@type\":\"WebPage\",\"@id\":\"https:\/\/enesty.org\/impressum\/\",\"url\":\"https:\/\/enesty.org\/impressum\/\",\"name\":\"IMPRESSUM | enesty gmbh\",\"isPartOf\":{\"@id\":\"https:\/\/enesty.org\/#website\"},\"datePublished\":\"2019-11-14T15:19:24+00:00\",\"dateModified\":\"2024-02-07T14:07:55+00:00\",\"description\":\"{:de}Alle Angaben nach \u00a75 TMG. enesty gmbh Fr\u00f6ndenberger Stra\u00dfe 1504746 Hartha | Germany{:}\",\"breadcrumb\":{\"@id\":\"https:\/\/enesty.org\/impressum\/#breadcrumb\"},\"inLanguage\":\"en-US\",\"potentialAction\":[{\"@type\":\"ReadAction\",\"target\":[\"https:\/\/enesty.org\/impressum\/\"]}]},{\"@type\":\"BreadcrumbList\",\"@id\":\"https:\/\/enesty.org\/impressum\/#breadcrumb\",\"itemListElement\":[{\"@type\":\"ListItem\",\"position\":1,\"name\":\"Startseite\",\"item\":\"https:\/\/enesty.org\/\"},{\"@type\":\"ListItem\",\"position\":2,\"name\":\"IMPRESSUM\"}]},{\"@type\":\"WebSite\",\"@id\":\"https:\/\/enesty.org\/#website\",\"url\":\"https:\/\/enesty.org\/\",\"name\":\"enesty gmbh\",\"description\":\"Innovative Technologien vom Prototyp bis zur Serie\",\"publisher\":{\"@id\":\"https:\/\/enesty.org\/#organization\"},\"potentialAction\":[{\"@type\":\"SearchAction\",\"target\":{\"@type\":\"EntryPoint\",\"urlTemplate\":\"https:\/\/enesty.org\/?s={search_term_string}\"},\"query-input\":\"required name=search_term_string\"}],\"inLanguage\":\"en-US\"},{\"@type\":\"Organization\",\"@id\":\"https:\/\/enesty.org\/#organization\",\"name\":\"enesty gmbh\",\"url\":\"https:\/\/enesty.org\/\",\"logo\":{\"@type\":\"ImageObject\",\"inLanguage\":\"en-US\",\"@id\":\"https:\/\/enesty.org\/#\/schema\/logo\/image\/\",\"url\":\"https:\/\/enesty.org\/wp-content\/uploads\/2019\/11\/logo.png\",\"contentUrl\":\"https:\/\/enesty.org\/wp-content\/uploads\/2019\/11\/logo.png\",\"width\":260,\"height\":76,\"caption\":\"enesty gmbh\"},\"image\":{\"@id\":\"https:\/\/enesty.org\/#\/schema\/logo\/image\/\"}}]}<\/script>\n<!-- \/ Yoast SEO plugin. -->","yoast_head_json":{"title":"IMPRESSUM | enesty gmbh","description":"{:de}Alle Angaben nach \u00a75 TMG. enesty gmbh Fr\u00f6ndenberger Stra\u00dfe 1504746 Hartha | Germany{:}","robots":{"index":"index","follow":"follow","max-snippet":"max-snippet:-1","max-image-preview":"max-image-preview:large","max-video-preview":"max-video-preview:-1"},"canonical":"https:\/\/enesty.org\/impressum\/","og_locale":"en_US","og_type":"article","og_title":"IMPRESSUM | enesty gmbh","og_description":"{:de}Alle Angaben nach \u00a75 TMG. enesty gmbh Fr\u00f6ndenberger Stra\u00dfe 1504746 Hartha | Germany{:}","og_url":"https:\/\/enesty.org\/impressum\/","og_site_name":"enesty gmbh","article_modified_time":"2024-02-07T14:07:55+00:00","twitter_card":"summary_large_image","twitter_misc":{"Est. reading time":"1 minute"},"schema":{"@context":"https:\/\/schema.org","@graph":[{"@type":"WebPage","@id":"https:\/\/enesty.org\/impressum\/","url":"https:\/\/enesty.org\/impressum\/","name":"IMPRESSUM | enesty gmbh","isPartOf":{"@id":"https:\/\/enesty.org\/#website"},"datePublished":"2019-11-14T15:19:24+00:00","dateModified":"2024-02-07T14:07:55+00:00","description":"{:de}Alle Angaben nach \u00a75 TMG. enesty gmbh Fr\u00f6ndenberger Stra\u00dfe 1504746 Hartha | Germany{:}","breadcrumb":{"@id":"https:\/\/enesty.org\/impressum\/#breadcrumb"},"inLanguage":"en-US","potentialAction":[{"@type":"ReadAction","target":["https:\/\/enesty.org\/impressum\/"]}]},{"@type":"BreadcrumbList","@id":"https:\/\/enesty.org\/impressum\/#breadcrumb","itemListElement":[{"@type":"ListItem","position":1,"name":"Startseite","item":"https:\/\/enesty.org\/"},{"@type":"ListItem","position":2,"name":"IMPRESSUM"}]},{"@type":"WebSite","@id":"https:\/\/enesty.org\/#website","url":"https:\/\/enesty.org\/","name":"enesty gmbh","description":"Innovative Technologien vom Prototyp bis zur Serie","publisher":{"@id":"https:\/\/enesty.org\/#organization"},"potentialAction":[{"@type":"SearchAction","target":{"@type":"EntryPoint","urlTemplate":"https:\/\/enesty.org\/?s={search_term_string}"},"query-input":"required name=search_term_string"}],"inLanguage":"en-US"},{"@type":"Organization","@id":"https:\/\/enesty.org\/#organization","name":"enesty gmbh","url":"https:\/\/enesty.org\/","logo":{"@type":"ImageObject","inLanguage":"en-US","@id":"https:\/\/enesty.org\/#\/schema\/logo\/image\/","url":"https:\/\/enesty.org\/wp-content\/uploads\/2019\/11\/logo.png","contentUrl":"https:\/\/enesty.org\/wp-content\/uploads\/2019\/11\/logo.png","width":260,"height":76,"caption":"enesty gmbh"},"image":{"@id":"https:\/\/enesty.org\/#\/schema\/logo\/image\/"}}]}},"_links":{"self":[{"href":"https:\/\/enesty.org\/en\/wp-json\/wp\/v2\/pages\/66"}],"collection":[{"href":"https:\/\/enesty.org\/en\/wp-json\/wp\/v2\/pages"}],"about":[{"href":"https:\/\/enesty.org\/en\/wp-json\/wp\/v2\/types\/page"}],"author":[{"embeddable":true,"href":"https:\/\/enesty.org\/en\/wp-json\/wp\/v2\/users\/1"}],"replies":[{"embeddable":true,"href":"https:\/\/enesty.org\/en\/wp-json\/wp\/v2\/comments?post=66"}],"version-history":[{"count":16,"href":"https:\/\/enesty.org\/en\/wp-json\/wp\/v2\/pages\/66\/revisions"}],"predecessor-version":[{"id":3106,"href":"https:\/\/enesty.org\/en\/wp-json\/wp\/v2\/pages\/66\/revisions\/3106"}],"wp:attachment":[{"href":"https:\/\/enesty.org\/en\/wp-json\/wp\/v2\/media?parent=66"}],"curies":[{"name":"wp","href":"https:\/\/api.w.org\/{rel}","templated":true}]}}